{"id":9510,"date":"2025-01-04T23:16:36","date_gmt":"2025-01-04T23:16:36","guid":{"rendered":"https:\/\/orquesta-andina.cl\/?page_id=9510"},"modified":"2026-03-07T01:38:05","modified_gmt":"2026-03-07T01:38:05","slug":"inicio","status":"publish","type":"page","link":"https:\/\/orquesta-andina.cl\/","title":{"rendered":"Inicio"},"content":{"rendered":"<div class=\"et_pb_section_0 et_pb_section et_section_regular et_block_section preset--module--divi-section--default\">\n<div class=\"et_pb_row_0 et_pb_row et_block_row\">\n<div class=\"et_pb_column_0 et_pb_column et_pb_column_4_4 et-last-child et_block_column et_pb_css_mix_blend_mode_passthrough\">\n<div class=\"et_pb_text_0 et_pb_text et_pb_bg_layout_light et_pb_module et_block_module\"><div class=\"et_pb_text_inner\"><p>ORQUESTA ANDINA<\/p>\n<\/div><\/div>\n\n<div class=\"et_pb_text_1 et_pb_text et_pb_bg_layout_light et_pb_module et_block_module\"><div class=\"et_pb_text_inner\"><p>PUCV<\/p>\n<\/div><\/div>\n<\/div>\n<\/div>\n<\/div>\n\n<div class=\"et_pb_section_1 et_pb_section et_section_specialty et_pb_gutters3 et_block_section section_has_divider et_pb_top_divider\"><div class=\"et_pb_top_inside_divider et-no-transition\"><\/div><div class=\"et_pb_row et_block_row\">\n<div class=\"et_pb_column_1 et_pb_column et_pb_column_single et_pb_column_1_2 et_block_column et_pb_css_mix_blend_mode_passthrough\">\n<div class=\"et_pb_text_2 et_pb_text et_pb_bg_layout_light et_animated et_pb_module et_block_module\"><div class=\"et_pb_text_inner\"><p style=\"text-align: justify;\">Fundada en 2002 en <strong>Valpara\u00edso, Chile,<\/strong> por el compositor y acad\u00e9mico <strong>F\u00e9lix C\u00e1rdenas Vargas<\/strong>, la Orquesta Andina es pionera en integrar instrumentos nativos y mestizos de Latinoam\u00e9rica. Su repertorio fusiona tradiciones musicales de pueblos originarios con nuevas formas de expresi\u00f3n sonora, destacando estrenos de compositores chilenos y latinoamericanos.<\/p>\n<p style=\"text-align: justify;\">Ha colaborado con artistas destacados como Pierre Yves Artaud, Quilapay\u00fan, Kollahuara, Elizabeth Morris, Magdalena Matthey, Pascuala Ilabaca, Ana Tijoux, Mar\u00eda Mulata y Nadia Larcher y se ha presentado en eventos nacionales e internacionales, incluyendo una gira por Europa. Entre sus producciones discogr\u00e1ficas resaltan <strong><em>Zumbidoss<\/em><\/strong> (Premio Pulsar 2016), <strong><i>Herencia, Festejo y Tambor <\/i><\/strong>(2019) y <em><strong>Despertares<\/strong><\/em> (2022). Su legado es una contribuci\u00f3n vital a la difusi\u00f3n de la m\u00fasica chilena y latinoamericana.<\/p>\n<\/div><\/div>\n\n<div class=\"et_pb_module et_pb_button_module_wrapper et_pb_button_0_wrapper preset--module--divi-button--a30b17d4-93ca-4e94-b60e-0fad32ebe2b5_wrapper\"><a class=\"et_pb_button_0 et_pb_button et_pb_bg_layout_light et_animated et_pb_module et_block_module preset--module--divi-button--a30b17d4-93ca-4e94-b60e-0fad32ebe2b5\" href=\"https:\/\/orquesta-andina.cl\/index.php\/biografia\/\" data-icon=\"5\">Conoce nuestra historia completa<\/a><\/div>\n<\/div>\n\n<div class=\"et_pb_column_2 et_pb_column et_pb_specialty_column et_pb_column_1_2 et-last-child et_block_column et_pb_css_mix_blend_mode_passthrough\">\n<div class=\"et_pb_row_inner_0 et_pb_row_inner et_block_row\">\n<div class=\"et_pb_column_inner_0 et_pb_column_inner et_pb_column et_pb_column_4_4 et-last-child et_block_column et_pb_css_mix_blend_mode_passthrough\">\n<div class=\"et_pb_image_0 et_pb_image et_animated et_pb_module et_block_module\"><span class=\"et_pb_image_wrap\"><img loading=\"lazy\" decoding=\"async\" src=\"https:\/\/orquesta-andina.cl\/wp-content\/uploads\/2025\/07\/Logo-OA.png\" width=\"1080\" height=\"1600\" srcset=\"https:\/\/orquesta-andina.cl\/wp-content\/uploads\/2025\/07\/Logo-OA.png 1080w, https:\/\/orquesta-andina.cl\/wp-content\/uploads\/2025\/07\/Logo-OA-980x1452.png 980w, https:\/\/orquesta-andina.cl\/wp-content\/uploads\/2025\/07\/Logo-OA-480x711.png 480w\" sizes=\"(min-width: 0px) and (max-width: 480px) 480px, (min-width: 481px) and (max-width: 980px) 980px, (min-width: 981px) 1080px, 100vw\" class=\"wp-image-9995\" \/><\/span><\/div>\n<\/div>\n<\/div>\n<\/div>\n<\/div><\/div>\n\n<div class=\"et_pb_section_2 et_pb_section et_section_regular et_block_section preset--module--divi-section--default\">\n<div class=\"et_pb_row_1 et_pb_row et_block_row\">\n<div class=\"et_pb_column_3 et_pb_column et_pb_column_4_4 et-last-child et_block_column et_pb_css_mix_blend_mode_passthrough\">\n<div class=\"et_pb_text_3 et_pb_text et_pb_bg_layout_light et_pb_module et_block_module preset--module--divi-text--b6cb9bd8-0fbd-4699-b58d-51b3d480db23\"><div class=\"et_pb_text_inner\"><h2 style=\"text-align: left;\">\u00daltimo \u00e1lbum<\/h2>\n<\/div><\/div>\n<\/div>\n<\/div>\n\n<div class=\"et_pb_row_2 et_pb_row et_block_row\">\n<div class=\"et_pb_column_4 et_pb_column et_pb_column_3_5 et_block_column et_pb_css_mix_blend_mode_passthrough\">\n<div class=\"et_pb_image_1 et_pb_image et_pb_module et_block_module\"><span class=\"et_pb_image_wrap\"><img loading=\"lazy\" decoding=\"async\" src=\"https:\/\/orquesta-andina.cl\/wp-content\/uploads\/2025\/01\/Titulo-disco-Despertares.png\" width=\"754\" height=\"200\" srcset=\"https:\/\/orquesta-andina.cl\/wp-content\/uploads\/2025\/01\/Titulo-disco-Despertares.png 754w, https:\/\/orquesta-andina.cl\/wp-content\/uploads\/2025\/01\/Titulo-disco-Despertares-480x127.png 480w\" sizes=\"(min-width: 0px) and (max-width: 480px) 480px, (min-width: 481px) 754px, 100vw\" class=\"wp-image-9734\" \/><\/span><\/div>\n\n<div class=\"et_pb_text_4 et_pb_text et_pb_bg_layout_light et_pb_module et_block_module preset--module--divi-text--f0cf31b9-b2e7-4752-a57c-6e2f73347b36\"><div class=\"et_pb_text_inner\"><p>En 2022, la Orquesta Andina celebr\u00f3 20 a\u00f1os con nuevas creaciones y un nuevo disco. Este trabajo es un testimonio musical que reflexiona sobre dos acontecimientos que marcaron los \u00faltimos a\u00f1os: la pandemia y el estallido social en Chile.<\/p>\n<p>La pandemia nos llev\u00f3 a replantearnos muchos aspectos de nuestra existencia, mientras que el estallido social, iniciado en octubre de 2019, revel\u00f3 profundas desigualdades e injusticias en la sociedad chilena.<\/p>\n<p>Los invitamos a un viaje musical que refleja nuestra \u00e9poca y simboliza grandes <strong>despertares<\/strong>.<\/p>\n<p>Grabado, editado y masterizado en estudio <a href=\"https:\/\/www.santuariosonico.cl\/\" target=\"_blank\" rel=\"noopener\" title=\"Santuario S\u00f3nico\"><strong>Santuario S\u00f3nico<\/strong><\/a> por Adolfo Rodr\u00edguez Kaulen y Juan Pablo Quezada Kaulen.<\/p>\n<\/div><\/div>\n\n<div class=\"et_pb_text_5 et_pb_text et_pb_bg_layout_light et_pb_module et_block_module\"><div class=\"et_pb_text_inner\"><p>11 obras | 46 min<\/p>\n<\/div><\/div>\n<\/div>\n\n<div class=\"et_pb_column_5 et_pb_column et_pb_column_2_5 et-last-child et_block_column et_pb_css_mix_blend_mode_passthrough\">\n<div class=\"et_pb_image_2 et_pb_image et_pb_module et_block_module\"><span class=\"et_pb_image_wrap\"><img loading=\"lazy\" decoding=\"async\" src=\"https:\/\/orquesta-andina.cl\/wp-content\/uploads\/2025\/01\/dsds.png\" width=\"800\" height=\"791\" srcset=\"https:\/\/orquesta-andina.cl\/wp-content\/uploads\/2025\/01\/dsds.png 800w, https:\/\/orquesta-andina.cl\/wp-content\/uploads\/2025\/01\/dsds-480x475.png 480w\" sizes=\"(min-width: 0px) and (max-width: 480px) 480px, (min-width: 481px) 800px, 100vw\" class=\"wp-image-9554\" title=\"acai-bowl-31\" \/><\/span><\/div>\n\n<div class=\"et_pb_audio_0 et_pb_audio et_pb_audio_module et_pb_bg_layout_dark et_pb_text_align_left et_pb_audio_no_image et_pb_module et_block_module\"><div class=\"et_pb_audio_module_content et_audio_container\"><h2 class=\"et_pb_module_header\">Orolonco<\/h2><p class=\"et_audio_module_meta\">by <strong>Orquesta Andina<\/strong> | <span>Tom\u00e1s D\u00edaz<\/span><\/p><audio class=\"wp-audio-shortcode\" id=\"audio-9510-1\" preload=\"none\" style=\"width: 100%;\" controls=\"controls\"><source type=\"audio\/mpeg\" src=\"https:\/\/orquesta-andina.cl\/wp-content\/uploads\/2024\/01\/01-Orolonco.mp3?_=1\" \/><a href=\"https:\/\/orquesta-andina.cl\/wp-content\/uploads\/2024\/01\/01-Orolonco.mp3\">https:\/\/orquesta-andina.cl\/wp-content\/uploads\/2024\/01\/01-Orolonco.mp3<\/a><\/audio><\/div><\/div>\n\n<div class=\"et_pb_audio_1 et_pb_audio et_pb_audio_module et_pb_bg_layout_dark et_pb_text_align_left et_pb_audio_no_image et_pb_module et_block_module\"><div class=\"et_pb_audio_module_content et_audio_container\"><h2 class=\"et_pb_module_header\">Sue\u00f1os de Amantan\u00ed<\/h2><p class=\"et_audio_module_meta\">by <strong>Orquesta Andina<\/strong> | <span>Daniel Ramos<\/span><\/p><audio class=\"wp-audio-shortcode\" id=\"audio-9510-2\" preload=\"none\" style=\"width: 100%;\" controls=\"controls\"><source type=\"audio\/mpeg\" src=\"https:\/\/orquesta-andina.cl\/wp-content\/uploads\/2024\/01\/07-Suenos-de-Amantani_01.mp3?_=2\" \/><a href=\"https:\/\/orquesta-andina.cl\/wp-content\/uploads\/2024\/01\/07-Suenos-de-Amantani_01.mp3\">https:\/\/orquesta-andina.cl\/wp-content\/uploads\/2024\/01\/07-Suenos-de-Amantani_01.mp3<\/a><\/audio><\/div><\/div>\n\n<div class=\"et_pb_audio_2 et_pb_audio et_pb_audio_module et_pb_bg_layout_dark et_pb_text_align_left et_pb_audio_no_image et_pb_module et_block_module\"><div class=\"et_pb_audio_module_content et_audio_container\"><h2 class=\"et_pb_module_header\">Vientos de Octubre: Despertar<\/h2><p class=\"et_audio_module_meta\">by <strong>Orquesta Andina<\/strong> | <span>F\u00e9lix C\u00e1rdenas<\/span><\/p><audio class=\"wp-audio-shortcode\" id=\"audio-9510-3\" preload=\"none\" style=\"width: 100%;\" controls=\"controls\"><source type=\"audio\/mpeg\" src=\"https:\/\/orquesta-andina.cl\/wp-content\/uploads\/2024\/01\/11-Vientos-de-Octubre-Despertar_01.mp3?_=3\" \/><a href=\"https:\/\/orquesta-andina.cl\/wp-content\/uploads\/2024\/01\/11-Vientos-de-Octubre-Despertar_01.mp3\">https:\/\/orquesta-andina.cl\/wp-content\/uploads\/2024\/01\/11-Vientos-de-Octubre-Despertar_01.mp3<\/a><\/audio><\/div><\/div>\n\n<div class=\"et_pb_module et_pb_button_module_wrapper et_pb_button_1_wrapper preset--module--divi-button--a30b17d4-93ca-4e94-b60e-0fad32ebe2b5_wrapper\"><a class=\"et_pb_button_1 et_pb_button et_pb_bg_layout_light et_pb_module et_block_module preset--module--divi-button--a30b17d4-93ca-4e94-b60e-0fad32ebe2b5\" href=\"\" data-icon=\"5\">Escuchar \u00e1lbum completo<\/a><\/div>\n\n<div class=\"et_pb_gallery_0 et_pb_gallery et_pb_bg_layout_light et_pb_text_align_center et_pb_slider et_pb_gallery_fullwidth clearfix et_pb_module\" data-auto-rotate=\"off\" data-auto-rotate-speed=\"\"><div class=\"et_pb_gallery_items et_post_gallery clearfix\" data-per_page=\"4\"><div class=\"et_pb_gallery_item et_pb_gallery_item_0_0\"><div class=\"et_pb_gallery_image landscape\" data-per_page=\"4\"><a href=\"https:\/\/orquesta-andina.cl\/wp-content\/uploads\/2024\/01\/Despertares_2022_nuevodisco.jpg\" title=\"\"><img loading=\"lazy\" decoding=\"async\" width=\"703\" height=\"700\" src=\"https:\/\/orquesta-andina.cl\/wp-content\/uploads\/2024\/01\/Despertares_2022_nuevodisco.jpg\" alt=\"\" class=\"wp-image-8958\" srcset=\"https:\/\/orquesta-andina.cl\/wp-content\/uploads\/2024\/01\/Despertares_2022_nuevodisco.jpg 703w, https:\/\/orquesta-andina.cl\/wp-content\/uploads\/2024\/01\/Despertares_2022_nuevodisco-480x478.jpg 480w\" sizes=\"(min-width: 0px) and (max-width: 480px) 480px, (min-width: 481px) 703px, 100vw\" \/><span class=\"et_overlay\" data-icon=\"\" data-icon-tablet=\"\" data-icon-phone=\"\"><\/span><\/a><\/div><\/div><div class=\"et_pb_gallery_item et_pb_gallery_item_0_1\"><div class=\"et_pb_gallery_image landscape\" data-per_page=\"4\"><a href=\"https:\/\/orquesta-andina.cl\/wp-content\/uploads\/2024\/01\/Despertares_Contratapa.jpg\" title=\"\"><img loading=\"lazy\" decoding=\"async\" width=\"703\" height=\"700\" src=\"https:\/\/orquesta-andina.cl\/wp-content\/uploads\/2024\/01\/Despertares_Contratapa.jpg\" alt=\"\" class=\"wp-image-8791\" srcset=\"https:\/\/orquesta-andina.cl\/wp-content\/uploads\/2024\/01\/Despertares_Contratapa.jpg 703w, https:\/\/orquesta-andina.cl\/wp-content\/uploads\/2024\/01\/Despertares_Contratapa-480x478.jpg 480w\" sizes=\"(min-width: 0px) and (max-width: 480px) 480px, (min-width: 481px) 703px, 100vw\" \/><span class=\"et_overlay\" data-icon=\"\" data-icon-tablet=\"\" data-icon-phone=\"\"><\/span><\/a><\/div><\/div><\/div><\/div>\n<\/div>\n<\/div>\n<\/div>","protected":false},"excerpt":{"rendered":"","protected":false},"author":1,"featured_media":0,"parent":0,"menu_order":0,"comment_status":"closed","ping_status":"closed","template":"","meta":{"_joinchat":[],"footnotes":""},"class_list":["post-9510","page","type-page","status-publish","hentry"],"_links":{"self":[{"href":"https:\/\/orquesta-andina.cl\/index.php\/wp-json\/wp\/v2\/pages\/9510","targetHints":{"allow":["GET"]}}],"collection":[{"href":"https:\/\/orquesta-andina.cl\/index.php\/wp-json\/wp\/v2\/pages"}],"about":[{"href":"https:\/\/orquesta-andina.cl\/index.php\/wp-json\/wp\/v2\/types\/page"}],"author":[{"embeddable":true,"href":"https:\/\/orquesta-andina.cl\/index.php\/wp-json\/wp\/v2\/users\/1"}],"replies":[{"embeddable":true,"href":"https:\/\/orquesta-andina.cl\/index.php\/wp-json\/wp\/v2\/comments?post=9510"}],"version-history":[{"count":215,"href":"https:\/\/orquesta-andina.cl\/index.php\/wp-json\/wp\/v2\/pages\/9510\/revisions"}],"predecessor-version":[{"id":10070,"href":"https:\/\/orquesta-andina.cl\/index.php\/wp-json\/wp\/v2\/pages\/9510\/revisions\/10070"}],"wp:attachment":[{"href":"https:\/\/orquesta-andina.cl\/index.php\/wp-json\/wp\/v2\/media?parent=9510"}],"curies":[{"name":"wp","href":"https:\/\/api.w.org\/{rel}","templated":true}]}}